{"id":14,"date":"2019-03-01T15:44:29","date_gmt":"2019-03-01T12:44:29","guid":{"rendered":"http:\/\/185.95.3.98\/~transanatolia\/?page_id=14"},"modified":"2025-12-24T12:30:07","modified_gmt":"2025-12-24T12:30:07","slug":"about-us","status":"publish","type":"page","link":"https:\/\/transanatolia.com\/fr\/about-us\/","title":{"rendered":"\u00c0 Propos"},"content":{"rendered":"<p>TransAnatolia, qui f\u00eate ses 10 ans en 2020, propose \u00e0 ses participants une route compl\u00e8tement diff\u00e9rente en 2024!<\/p>\n<p>L\u2019histoire de TransAnatolia a comm\u00e9 par une inspiration de l\u2019id\u00e9e de se tester comme conducteur, comme motard ou comme individuellement et devient relativement en peu de temps un des rallys RAID le plus important du monde. Maintenant vous aurez la possibilit\u00e9 de constatez clairement pendant votres premi\u00e8re exp\u00e9rience\u00a0 que cette activit\u00e9s est inoubliable et vous aurez aussi la possibilit\u00e9 de voir que c\u2019est un \u00e9venement mondial et international.<\/p>\n<p>La premi\u00e8re tentative pour organiser un tel \u00e9venemt a eu lieu en 2010 et a eu un grand succ\u00e8s. Puis les autres activit\u00e9s qui l&#8217;ont succ\u00e8d\u00e9 lui donn\u00e8rent une forme plus riche. Antalya qui est la ville la plus connue des vacanciers a \u00e9t\u00e9 choisis comme le point de d\u00e9part et d\u2019arriver. La deuxi\u00e8me organisation laissant d\u00e9rri\u00e8re elle la premi\u00e8re a r\u00e9uni un grand nombres de passionn\u00e9s de course du monde entier. En 2011 TransAnatolia offra plus de possibilit\u00e9s \u00e0 ses participants et a eu l\u2019occasion de faire d\u00e9couvrir les merveilles de la Turquie.<\/p>\n<p>2012 a \u00e9t\u00e9 l\u2019ann\u00e9e de la d\u00e9couverte d\u2019un nouveau concepte. Les \u00e9tapes \u00e9taient plus difficiles, les pilotes ont eu les possibilit\u00e9s d\u2019attraper un rythme facilement et de d\u00e9couvrir plus de d\u00e9tail concernant les exp\u00e9riences des activit\u00e9s pr\u00e9c\u00e9dants.<\/p>\n<p>La quatri\u00e8me ann\u00e9e a \u00e9t\u00e9 important car avec ses ressemblances des \u00a0parcours \u00a0p\u00e9c\u00e9dant elle \u00e9t\u00e9 d\u2019une grande qualit\u00e9s.<\/p>\n<p>TransAnatolia a c\u00e9l\u00e9br\u00e9 son cinqui\u00e8me anniversaires en 2014 et il y\u2019a eu des nouveaux ajouts aux \u00e9tapes existants. Avec ses nouvelles \u00e9tapes et les difficult\u00e9s du parcours qui se d\u00e9veloppe chaque ann\u00e9e la course n\u2019est pas seulement un divertissment original mais aussi un grand test pour les pilotes de tester\u00a0 ses caracteristiques individuelles.<\/p>\n<p>TransAnatolia offrent \u00e0 ses participants non seulements des rencontres et connaissances \u00a0int\u00e9r\u00e9ssantes et inoubliable mais aussi la possibilit\u00e9 de connaitre le mode de vie du peuple turc et permet g\u00e9n\u00e9ralement de mieux comprendre la Turquie.<\/p>\n<p>Les participants de haut niveau et de grandes qualit\u00e9s\u00a0 auront l\u2019occasion de s\u2019entrainer pour les longs marathons et d\u2019exercer leurs meilleures pratiques. Quand aux amateurs ils auront la possibilit\u00e9s de d\u00e9v\u00e9lopper leurs qualit\u00e9s dans des parcours difficles. En outre, de nombreux amateurs de sports motoris\u00e9s extr\u00eames peuvent choisir de b\u00e9n\u00e9ficier d\u2019un forfait de bienvenue pour les itin\u00e9raires les plus excitants.<\/p>\n<p>L\u2019objectif principal de TransAnatolia est de fournir \u00a0des parcours uniques avec un niveau n\u00e9c\u00e9ssaires d\u2019organisations et de s\u00e9curit\u00e9s. L\u2019\u00e9quipe de TransAnatolia am\u00e9liore la qualit\u00e9 de l\u2019organisation afin d\u2019offrir \u00e0 chaque participant un confort absolu \u00a0qui est bas\u00e9 sur une approche individuelle de tous les besoins. Avec chaques activit\u00e9s succ\u00e9sifs l\u2019organisation \u00a0monte \u00e0 des niveaux plus \u00e9lev\u00e9s et permet \u00e0 ce type d\u2019activit\u00e9 de devenir une culture particuli\u00e8re.<\/p>\n<p>Aujourd\u2019hui TransAnatolia offre \u00e0 ses participants un guide routier de haute qualit\u00e9 utilis\u00e9e dans tous les rallyes c\u00e9l\u00e8bres dans le monde. Il existe \u00e9galement un syst\u00e8me de suivi par satellite pour surveiller le processus de l\u2019organisation. Et aussi avec le syst\u00e8me de suivi par satellite selon tous les normes disponible, diverses mesures de s\u00e9curit\u00e9\u00a0 active et passive de haut niveau.<\/p>\n<p>Nous vous invitons \u00e0 assister et \u00e0 participer \u00e0 ce somptueux spectacle. C\u2019est une exp\u00e9rience inestimable avec une excellente occasion de vivre de nombreux moments merveilleux. \u00a0Laissez-nous vous montrer ce que nous pouvons faire pour voir ce que vous pouvez faire dans ces meilleurs moments de votre vie.<\/p>\n<p>Vous \u00eates le bienvenue \u00e0 TransAnatolia!<\/p>","protected":false},"excerpt":{"rendered":"<p>TransAnatolia, qui f\u00eate ses 10 ans en 2020, propose \u00e0 ses participants une route compl\u00e8tement diff\u00e9rente en 2024! L\u2019histoire de TransAnatolia a comm\u00e9 par une inspiration de l\u2019id\u00e9e de se tester comme conducteur, comme motard ou comme individuellement et devient relativement en peu de temps un des rallys RAID le plus important du monde. Maintenant [&hellip;]<\/p>\n","protected":false},"author":1,"featured_media":0,"parent":0,"menu_order":18,"comment_status":"closed","ping_status":"closed","template":"page-about.php","meta":{"footnotes":""},"class_list":["post-14","page","type-page","status-publish","hentry"],"acf":[],"_links":{"self":[{"href":"https:\/\/transanatolia.com\/fr\/wp-json\/wp\/v2\/pages\/14"}],"collection":[{"href":"https:\/\/transanatolia.com\/fr\/wp-json\/wp\/v2\/pages"}],"about":[{"href":"https:\/\/transanatolia.com\/fr\/wp-json\/wp\/v2\/types\/page"}],"author":[{"embeddable":true,"href":"https:\/\/transanatolia.com\/fr\/wp-json\/wp\/v2\/users\/1"}],"replies":[{"embeddable":true,"href":"https:\/\/transanatolia.com\/fr\/wp-json\/wp\/v2\/comments?post=14"}],"version-history":[{"count":148,"href":"https:\/\/transanatolia.com\/fr\/wp-json\/wp\/v2\/pages\/14\/revisions"}],"predecessor-version":[{"id":6577,"href":"https:\/\/transanatolia.com\/fr\/wp-json\/wp\/v2\/pages\/14\/revisions\/6577"}],"wp:attachment":[{"href":"https:\/\/transanatolia.com\/fr\/wp-json\/wp\/v2\/media?parent=14"}],"curies":[{"name":"wp","href":"https:\/\/api.w.org\/{rel}","templated":true}]}}