{"id":4842,"date":"2023-03-07T09:35:06","date_gmt":"2023-03-07T09:35:06","guid":{"rendered":"https:\/\/transanatolia.com\/?page_id=4842"},"modified":"2025-09-30T12:10:41","modified_gmt":"2025-09-30T12:10:41","slug":"results","status":"publish","type":"page","link":"https:\/\/transanatolia.com\/fr\/results\/","title":{"rendered":"RESULTATS"},"content":{"rendered":"<p><strong>TRANSANATOLIA CLASSEMENT GENERAL CAR<\/strong><\/p>\n<p><a href=\"https:\/\/transanatolia.com\/wp-content\/uploads\/2025\/09\/Yaris-Sonu-Neticeler-CAR.pdf\">RACE RESULT<\/a><\/p>\n<p><strong>TRANSANATOLIA CLASSEMENT GENERAL RA\u0130D<\/strong><\/p>\n<p><a href=\"https:\/\/transanatolia.com\/wp-content\/uploads\/2025\/09\/Yaris-Sonu-Neticeler-Raid.pdf\">RACE RESULT<\/a><\/p>\n<p><strong>TRANSANATOLIA CLASSEMENT GENERAL B\u0130KE<\/strong><\/p>\n<p><a href=\"https:\/\/transanatolia.com\/wp-content\/uploads\/2025\/09\/Yaris-Sonu-Neticeler-BIKE.pdf\">RACE RESULT<\/a><\/p>\n<p><strong>TRANSANATOLIA 2025 BIKE<\/strong><\/p>\n<p><a href=\"https:\/\/transanatolia.com\/wp-content\/uploads\/2025\/09\/BIKE-Provisional-Classification-of-LEG-2.pdf\">Provisional Classification of LEG2<\/a><\/p>\n<p><a href=\"https:\/\/transanatolia.com\/wp-content\/uploads\/2025\/09\/BIKE-Provisional-Classification-of-LEG-4.pdf\">Provisional Classification of LEG4<\/a><\/p>\n<p><a href=\"https:\/\/transanatolia.com\/wp-content\/uploads\/2025\/09\/BIKE-Provisional-Classification-After-Leg-4.pdf\">Provisional Classification After LEG4<\/a><\/p>\n<p><a href=\"https:\/\/transanatolia.com\/wp-content\/uploads\/2025\/09\/BIKE-Provisional-Classification-of-LEG-6.pdf\">Provisiol Classification of LEG6<\/a><\/p>\n<p><a href=\"https:\/\/transanatolia.com\/wp-content\/uploads\/2025\/09\/BIKE-Provisional-Classification-After-Leg-6.pdf\">Provisiol Classification After LEG6<\/a><\/p>\n<p><a href=\"https:\/\/transanatolia.com\/wp-content\/uploads\/2025\/09\/BIKE-Provisional-Classification-of-LEG-7.pdf\">Provisional Classification of LEG 7<\/a><\/p>\n<p><a href=\"https:\/\/transanatolia.com\/wp-content\/uploads\/2025\/09\/BIKE-Provisional-Classification-After-Leg-7.pdf\">Provisional Classification After Leg 7<\/a><\/p>\n<p><a href=\"https:\/\/transanatolia.com\/wp-content\/uploads\/2025\/09\/BIKE-Provisional-Classification-of-LEG-8.pdf\">Provisional Classification of LEG 8<\/a><\/p>\n<p><a href=\"https:\/\/transanatolia.com\/wp-content\/uploads\/2025\/09\/BIKE-Provisional-Classification-After-Leg-8.pdf\">Provisional Classification of After LEG 8<\/a><\/p>\n<p>&nbsp;<\/p>\n<p><strong>TRANSANATOLIA 2025 CAR<\/strong><\/p>\n<p><a href=\"https:\/\/transanatolia.com\/wp-content\/uploads\/2025\/09\/CAR-Provisional-Classification-of-LEG-2.pdf\">Provisional Classification of LEG2<\/a><\/p>\n<p><a href=\"https:\/\/transanatolia.com\/wp-content\/uploads\/2025\/09\/CAR-Provisional-Classification-of-LEG-4.pdf\">Provisional Classification of LEG4<\/a><\/p>\n<p><a href=\"https:\/\/transanatolia.com\/wp-content\/uploads\/2025\/09\/CAR-Provisional-Classification-After-Leg-4.pdf\">Provisional Classification After LEG4<\/a><\/p>\n<p><a href=\"https:\/\/transanatolia.com\/wp-content\/uploads\/2025\/09\/CAR-Provisional-Classification-of-LEG-6.pdf\">Provisional Classification of LEG6<\/a><\/p>\n<p><a href=\"https:\/\/transanatolia.com\/wp-content\/uploads\/2025\/09\/CAR-Provisional-Classification-After-Leg-6.pdf\">Provisional Classification After LEG6<\/a><\/p>\n<p><a href=\"https:\/\/transanatolia.com\/wp-content\/uploads\/2025\/09\/CAR-Provisional-Classification-of-LEG-7.pdf\">Provisional Classification of LEG 7<\/a><\/p>\n<p><a href=\"https:\/\/transanatolia.com\/wp-content\/uploads\/2025\/09\/CAR-Provisional-Classification-After-Leg-7.pdf\">Provisional Classification of After LEG7<\/a><\/p>\n<p><a href=\"https:\/\/transanatolia.com\/wp-content\/uploads\/2025\/09\/CAR-Provisional-Classification-of-LEG-8.pdf\">Provisional Classification of LEG8<\/a><\/p>\n<p><a href=\"https:\/\/transanatolia.com\/wp-content\/uploads\/2025\/09\/CAR-Provisional-Classification-After-Leg-8.pdf\">Provisional Classification of After LEG8<\/a><\/p>\n<p>&nbsp;<\/p>\n<p><strong>TRANSANATOLIA 2025 RAID<\/strong><\/p>\n<p><a href=\"https:\/\/transanatolia.com\/wp-content\/uploads\/2025\/09\/RAID-1.-Ayak-Gecici-Neticeler.pdf\">1.Ayak Ge\u00e7ici Neticeler<\/a><\/p>\n<p><a href=\"https:\/\/transanatolia.com\/wp-content\/uploads\/2025\/09\/RAID-3.-Ayak-Gecici-Neticeler.pdf\">3.Ayak Ge\u00e7ici Neticeler<\/a><\/p>\n<p><a href=\"https:\/\/transanatolia.com\/wp-content\/uploads\/2025\/09\/RAID-3.-GUN-SONU.pdf\">3.G\u00fcn Sonu\u00e7lar\u0131<\/a><\/p>\n<p><a href=\"https:\/\/transanatolia.com\/wp-content\/uploads\/2025\/09\/RAID-5.-Ayak-Gecici-Neticeler.pdf\">5.Ayak Ge\u00e7ici Neticeler<\/a><\/p>\n<p><a href=\"https:\/\/transanatolia.com\/wp-content\/uploads\/2025\/09\/RAID-5.-GUN-SONU.pdf\">5.Ayak G\u00fcn Sonu<\/a><\/p>\n<p><a href=\"https:\/\/transanatolia.com\/wp-content\/uploads\/2025\/09\/RAID-6.-Ayak-Gecici-Neticeler.pdf\">6.Ayak Ge\u00e7ici Neticeler<\/a><\/p>\n<p><a href=\"https:\/\/transanatolia.com\/wp-content\/uploads\/2025\/09\/RAID-6.-GUN-SONU.pdf\">6.Ayak G\u00fcn Sonu<\/a><\/p>\n<p><a href=\"https:\/\/transanatolia.com\/wp-content\/uploads\/2025\/09\/RAID-7.-Ayak-Gecici-Neticeler.pdf\">7.Ayak Ge\u00e7ici Neticeler<\/a><\/p>\n<p><a href=\"https:\/\/transanatolia.com\/wp-content\/uploads\/2025\/09\/RAID-7.-GUN-SONU.pdf\">7.Ayak G\u00fcn Sonu<\/a><\/p>\n<p>8.Ayak Ge\u00e7ici Neticeler<\/p>\n<p>8.Ayak G\u00fcn Sonu<\/p>\n<p>&nbsp;<\/p>\n<p><strong>TRANSANATOLIA 2024 RAID<\/strong><\/p>\n<p><a href=\"https:\/\/transanatolia.com\/wp-content\/uploads\/2024\/09\/2092e7cb-a30f-4ec4-b651-5c70ec239c02_TA24_RAID_yaris\u0327c\u0327i-listesi-5.pdf\">Official General Classificaion<\/a><\/p>\n<p><strong>TRANSANATOLIA 2024 CAR<\/strong><\/p>\n<p><a href=\"https:\/\/transanatolia.com\/wp-content\/uploads\/2024\/09\/TA24-CAR.pdf\">Official General Classificaion<\/a><\/p>\n<p><strong>TRANSANATOLIA 2024 BIKE<\/strong><\/p>\n<p><a href=\"https:\/\/transanatolia.com\/wp-content\/uploads\/2024\/09\/TA24-BIKE.pdf\">Official General Classificaion<\/a><\/p>\n<p><strong>TRANSANATOLIA 2023 CARS<\/strong><\/p>\n<p>LEG RESULTS<\/p>\n<p><a href=\"https:\/\/transanatolia.com\/wp-content\/uploads\/2023\/09\/Provisional-Classification-of-LEG1-2.pdf\">Provisional Classification of LEG1<\/a><\/p>\n<p><a href=\"https:\/\/transanatolia.com\/wp-content\/uploads\/2023\/09\/Provisional-Classification-of-LEG2-2.pdf\">Provisional Classification of LEG2<\/a><\/p>\n<p><a href=\"https:\/\/transanatolia.com\/wp-content\/uploads\/2023\/09\/Provisional-Classification-of-LEG3-2.pdf\">Provisional Classification of LEG3<\/a><\/p>\n<p><a href=\"https:\/\/transanatolia.com\/wp-content\/uploads\/2023\/09\/Provisional-Classification-of-LEG4-2.pdf\">Provisional Classification of LEG4<\/a><\/p>\n<p><a href=\"https:\/\/transanatolia.com\/wp-content\/uploads\/2023\/09\/Provisional-Classification-of-LEG5-2.pdf\">Provisional Classification of LEG5<\/a><\/p>\n<p><a href=\"https:\/\/transanatolia.com\/wp-content\/uploads\/2023\/09\/Provisional-Classification-of-LEG6-1.pdf\">Provisional Classification of LEG6<\/a><\/p>\n<p><a href=\"https:\/\/transanatolia.com\/wp-content\/uploads\/2023\/09\/Provisional-Classification-of-LEG7.pdf\">Provisional Classification of LEG7<\/a><\/p>\n<p>&nbsp;<\/p>\n<p>GENERAL RESULTS<\/p>\n<p><a href=\"https:\/\/transanatolia.com\/wp-content\/uploads\/2023\/09\/Provisional-General-Classification-After-LEG1-2.pdf\">Provisional General Classification After LEG1<\/a><\/p>\n<p><a href=\"https:\/\/transanatolia.com\/wp-content\/uploads\/2023\/09\/Provisional-General-Classification-After-LEG2-2.pdf\">Provisional General Classification After LEG2<\/a><\/p>\n<p><a href=\"https:\/\/transanatolia.com\/wp-content\/uploads\/2023\/09\/Provisional-General-Classification-After-LEG3-1.pdf\">Provisional General Classification After LEG3<\/a><\/p>\n<p><a href=\"https:\/\/transanatolia.com\/wp-content\/uploads\/2023\/09\/Provisional-General-Classification-After-LEG4-2.pdf\">Provisional General Classification After LEG4<\/a><\/p>\n<p><a href=\"https:\/\/transanatolia.com\/wp-content\/uploads\/2023\/09\/Provisional-General-Classification-After-LEG7-1.pdf\">Provisional General Classification After LEG7<\/a><\/p>\n<p><a href=\"https:\/\/transanatolia.com\/wp-content\/uploads\/2023\/09\/Provisional-General-Classification-After-LEG5-2.pdf\">Provisional General Classification After LEG5<\/a><\/p>\n<p><a href=\"https:\/\/transanatolia.com\/wp-content\/uploads\/2023\/09\/Provisional-General-Classification-After-LEG6-1.pdf\">Provisional General Classification After LEG6<\/a><\/p>\n<p><a href=\"https:\/\/transanatolia.com\/wp-content\/uploads\/2023\/09\/Official-General-Classificaion.pdf\">Official General Classificaion<\/a><\/p>\n<p>&nbsp;<\/p>\n<p><strong>TRANSANATOLIA 2023 BIKE<\/strong><\/p>\n<p>LEG RESULTS<\/p>\n<p><a href=\"https:\/\/transanatolia.com\/wp-content\/uploads\/2023\/09\/Provisional-Classification-of-LEG1-3.pdf\">Provisional Classification of LEG1<\/a><\/p>\n<p><a href=\"https:\/\/transanatolia.com\/wp-content\/uploads\/2023\/09\/Provisional-Classification-of-LEG2-3.pdf\">Provisional Classification of LEG2<\/a><\/p>\n<p><a href=\"https:\/\/transanatolia.com\/wp-content\/uploads\/2023\/09\/Provisional-Classification-of-LEG3-3.pdf\">Provisional Classification of LEG3<\/a><\/p>\n<p><a href=\"https:\/\/transanatolia.com\/wp-content\/uploads\/2023\/09\/Provisional-Classification-of-LEG4-3.pdf\">Provisional Classification of LEG4<\/a><\/p>\n<p><a href=\"https:\/\/transanatolia.com\/wp-content\/uploads\/2023\/09\/Provisional-Classification-of-LEG5-3.pdf\">Provisional Classification of LEG5<\/a><\/p>\n<p><a href=\"https:\/\/transanatolia.com\/wp-content\/uploads\/2023\/09\/Provisional-Classification-of-LEG6-2.pdf\">Provisional Classification of LEG6<\/a><\/p>\n<p><a href=\"https:\/\/transanatolia.com\/wp-content\/uploads\/2023\/09\/Provisional-Classification-of-LEG7-1.pdf\">Provisional Classification of LEG7<\/a><\/p>\n<p>&nbsp;<\/p>\n<p>GENERAL RESULTS<\/p>\n<p><a href=\"https:\/\/transanatolia.com\/wp-content\/uploads\/2023\/09\/Provisional-General-Classification-After-LEG2-3.pdf\">Provisional General Classification After LEG2<\/a><\/p>\n<p><a href=\"https:\/\/transanatolia.com\/wp-content\/uploads\/2023\/09\/Provisional-General-Classification-After-LEG3-2.pdf\">Provisional General Classification After LEG3<\/a><\/p>\n<p><a href=\"https:\/\/transanatolia.com\/wp-content\/uploads\/2023\/09\/Provisional-General-Classification-After-LEG4-3.pdf\">Provisional General Classification After LEG4<\/a><\/p>\n<p><a href=\"https:\/\/transanatolia.com\/wp-content\/uploads\/2023\/09\/Provisional-General-Classification-After-LEG5-3.pdf\">Provisional General Classification After LEG5<\/a><\/p>\n<p><a href=\"https:\/\/transanatolia.com\/wp-content\/uploads\/2023\/09\/Provisional-General-Classification-After-LEG6-2.pdf\">Provisional General Classification After LEG6<\/a><\/p>\n<p><a href=\"https:\/\/transanatolia.com\/wp-content\/uploads\/2023\/09\/Provisional-General-Classification-After-LEG7-2.pdf\">Provisional General Classification After LEG7<\/a><\/p>\n<p>&nbsp;<\/p>\n<p>CASTROL POWER 1 ROOKIE CUP<\/p>\n<p><a href=\"https:\/\/transanatolia.com\/wp-content\/uploads\/2023\/09\/Leg-1-Rookie-Cup-Results.pdf\">Leg 1 Rookie Cup Results<\/a><\/p>\n<p><a href=\"https:\/\/transanatolia.com\/wp-content\/uploads\/2023\/09\/Leg-2-Rookie-Cup-Results-1.pdf\">Leg 2 Rookie Cup Results<\/a><\/p>\n<p><a href=\"https:\/\/transanatolia.com\/wp-content\/uploads\/2023\/09\/Leg-3-Rookie-Cup-Results.pdf\">Leg 3 Rookie Cup Results<\/a><\/p>\n<p><a href=\"https:\/\/transanatolia.com\/wp-content\/uploads\/2023\/09\/Leg-4-Rookie-Cup-Results.pdf\">Leg 4 Rookie Cup Results<\/a><\/p>\n<p><a href=\"https:\/\/transanatolia.com\/wp-content\/uploads\/2023\/09\/Leg-5-Rookie-Cup-Results.pdf\">Leg 5 Rookie Cup Results<\/a><\/p>\n<p><a href=\"https:\/\/transanatolia.com\/wp-content\/uploads\/2023\/09\/Leg-6-Rookie-Cup-Results.pdf\">Leg 6 Rookie Cup Results<\/a><\/p>\n<p><a href=\"https:\/\/transanatolia.com\/wp-content\/uploads\/2023\/09\/Leg-7-Rookie-Cup-Results.pdf\">Leg 7 Rookie Cup Results<\/a><\/p>\n<p><a href=\"https:\/\/transanatolia.com\/wp-content\/uploads\/2023\/09\/General-Rookie-Cup-Results.pdf\">General Rookie Cup Results<\/a><\/p>\n<p>&nbsp;<\/p>\n<p><strong>TRANSANATOLIA 2023 RAID<\/strong><\/p>\n<p>RESULTS<\/p>\n<p><a href=\"https:\/\/transanatolia.com\/wp-content\/uploads\/2023\/09\/04.09.2023-RESULTS.pdf\">04.09.2023 RESULTS<\/a><\/p>\n<p><a href=\"https:\/\/transanatolia.com\/wp-content\/uploads\/2023\/09\/05.09.2023-RESULTSpdf.pdf\">05.09.2023 RESULTSpdf<\/a><\/p>\n<p><a href=\"https:\/\/transanatolia.com\/wp-content\/uploads\/2023\/09\/END-OF-THE-3RD-LEG-GENERAL-CLASSIFICATION.pdf\">END OF THE 3RD LEG GENERAL CLASSIFICATION<\/a><\/p>\n<p><a href=\"https:\/\/transanatolia.com\/wp-content\/uploads\/2023\/09\/06.09.2023-RESULTSpdf.pdf\">06.09.2023 RESULTSpdf<\/a><\/p>\n<p><a href=\"https:\/\/transanatolia.com\/wp-content\/uploads\/2023\/09\/END-OF-THE-4RD-LEG-GENERAL-CLASSIFICATION.pdf\">END OF THE 4RD LEG GENERAL CLASSIFICATION<\/a><\/p>\n<p><a href=\"https:\/\/transanatolia.com\/wp-content\/uploads\/2023\/09\/07.09.2023-RESULTS.pdf\">07.09.2023 RESULTS<\/a><\/p>\n<p><a href=\"https:\/\/transanatolia.com\/wp-content\/uploads\/2023\/09\/END-OF-THE-5RD-LEG-GENERAL-CLASSIFICATION.pdf\">END OF THE 5RD LEG GENERAL CLASSIFICATION<\/a><\/p>\n<p><a href=\"https:\/\/transanatolia.com\/wp-content\/uploads\/2023\/09\/08.09.2023-RESULTS.pdf\">08.09.2023 RESULTS<\/a><\/p>\n<p><a href=\"https:\/\/transanatolia.com\/wp-content\/uploads\/2023\/09\/END-OF-THE-6RD-LEG-GENERAL-CLASSIFICATION.pdf\">END OF THE 6RD LEG GENERAL CLASSIFICATION<\/a><\/p>\n<p><a href=\"https:\/\/transanatolia.com\/wp-content\/uploads\/2023\/09\/09.09.2023-RESULTS.pdf\">09.09.2023 RESULTS<\/a><\/p>\n<p><a href=\"https:\/\/transanatolia.com\/wp-content\/uploads\/2023\/09\/General-Classification-at-the-End-of-the-Race.pdf\">General Classification at the End of the Race<\/a><\/p>","protected":false},"excerpt":{"rendered":"<p>TRANSANATOLIA CLASSEMENT GENERAL CAR RACE RESULT TRANSANATOLIA CLASSEMENT GENERAL RA\u0130D RACE RESULT TRANSANATOLIA CLASSEMENT GENERAL B\u0130KE RACE RESULT TRANSANATOLIA 2025 BIKE Provisional Classification of LEG2 Provisional Classification of LEG4 Provisional Classification After LEG4 Provisiol Classification of LEG6 Provisiol Classification After LEG6 Provisional Classification of LEG 7 Provisional Classification After Leg 7 Provisional Classification of LEG [&hellip;]<\/p>\n","protected":false},"author":3,"featured_media":0,"parent":0,"menu_order":1,"comment_status":"closed","ping_status":"closed","template":"","meta":{"footnotes":""},"class_list":["post-4842","page","type-page","status-publish","hentry"],"acf":[],"_links":{"self":[{"href":"https:\/\/transanatolia.com\/fr\/wp-json\/wp\/v2\/pages\/4842"}],"collection":[{"href":"https:\/\/transanatolia.com\/fr\/wp-json\/wp\/v2\/pages"}],"about":[{"href":"https:\/\/transanatolia.com\/fr\/wp-json\/wp\/v2\/types\/page"}],"author":[{"embeddable":true,"href":"https:\/\/transanatolia.com\/fr\/wp-json\/wp\/v2\/users\/3"}],"replies":[{"embeddable":true,"href":"https:\/\/transanatolia.com\/fr\/wp-json\/wp\/v2\/comments?post=4842"}],"version-history":[{"count":36,"href":"https:\/\/transanatolia.com\/fr\/wp-json\/wp\/v2\/pages\/4842\/revisions"}],"predecessor-version":[{"id":6509,"href":"https:\/\/transanatolia.com\/fr\/wp-json\/wp\/v2\/pages\/4842\/revisions\/6509"}],"wp:attachment":[{"href":"https:\/\/transanatolia.com\/fr\/wp-json\/wp\/v2\/media?parent=4842"}],"curies":[{"name":"wp","href":"https:\/\/api.w.org\/{rel}","templated":true}]}}