{"id":14,"date":"2019-03-01T15:44:29","date_gmt":"2019-03-01T12:44:29","guid":{"rendered":"http:\/\/185.95.3.98\/~transanatolia\/?page_id=14"},"modified":"2025-12-24T12:30:07","modified_gmt":"2025-12-24T12:30:07","slug":"about-us","status":"publish","type":"page","link":"https:\/\/transanatolia.com\/it\/about-us\/","title":{"rendered":"Chi Siamo"},"content":{"rendered":"<p>TransAnatolia, che celebra il suo decimo anniversario nel 2020,sta davanti a te con un percorso completamente diverso nel 2024 e ti sta aspettando!<\/p>\n<p>Nella sua storia relativamente breve, TransAnatolia \u00e8 diventato uno dei principali eventi di rally raid nel mondo. Tutto \u00e8 iniziato con un&#8217;idea stimolante di mettersi alla prova come conducente, come pilota, o come persona. Ora il risultato si pu\u00f2 vedere sotto forma di eventi internazionali, che non possono essere dimenticati, anche se si visitano una sola volta. Il primo tentativo di organizzare questo passaggio \u00e8 avvenuto nel 2010 e ha avuto molto successo. I seguenti eventi sono diventati ancora pi\u00f9 prestigiosi. Antalya, la pi\u00f9 famosa localit\u00e0 turistica turca, \u00e8 stata selezionata come destinazione iniziale e finale. La seconda organizzazione ha completamente superato la prima e ha attirato molti pi\u00f9 appassionati di rally da tutto il mondo.<\/p>\n<p>Nel 2011 TransAnatolia ha presentato ai partecipanti una gamma pi\u00f9 ampia di possibilit\u00e0 e ha offerto splendide delizie turche.<\/p>\n<p>Il 2012 ha svelato un nuovo concetto. I livelli sono stati di master class e hanno aiutato i partecipanti a entrare pi\u00f9 rapidamente nel ritmo e a scoprire molti dettagli dall&#8217;esperienza delle precedenti edizioni.<\/p>\n<p>Il quarto evento \u00e8 stato molto importante e di altissima qualit\u00e0 rispetto a tutti gli aspetti e tutte le organizzazioni precedenti.<\/p>\n<p>Nel 2014, in occasione del quinto anniversario, TransAnatolia ha offerto nuove aggiunte alle fasi gi\u00e0 esistenti. I nuovi livelli e la complessit\u00e0 della pista avanzata hanno reso la gara non solo una forma di intrattenimento unica, ma anche una grande prova per le qualit\u00e0 della squadra e le qualit\u00e0 individuali dei concorrenti.<\/p>\n<p>Questa volta l&#8217;inizio e la fine del rally \u00e8 stato ad Ankara. La capitale lo ha reso ancora pi\u00f9 popolare e riconoscibile.<\/p>\n<p>TransAnatolia offre ai partecipanti una variet\u00e0 di incontri e conoscenze interessanti e indimenticabili, ma soprattutto &#8211; una migliore comprensione dello stile di vita delle popolazioni turche e della Turchia in generale.<\/p>\n<p>I concorrenti di livello superiore, avranno l&#8217;opportunit\u00e0 di essere addestrati con le migliori pratiche per partecipare a lunghe maratone. I dilettanti avranno l&#8217;opportunit\u00e0 di migliorare le loro abilit\u00e0 in fasi impegnative. Inoltre, gli appassionati di sport estremi possono scegliere pacchetti di ospitalit\u00e0, per i percorsi pi\u00f9 eccitanti.<\/p>\n<p>Lo scopo principale di TransAnatolia \u00e8 di offrire fasi uniche con il livello essenziale di organizzazione e sicurezza. Il team TransAnatolia fa il meglio per migliorare la qualit\u00e0 dell&#8217;organizzazione e per garantire il massimo comfort ad ogni partecipante, offrendo un approccio individuale per ogni tipo di esigenza. Con ogni evento successivo, l&#8217;evento sale a livelli pi\u00f9 alti, ci\u00f2 che veramente trasforma questo tipo di attivit\u00e0 in una certa cultura.<\/p>\n<p>Oggi TransAnatolia offre una guida di strada ai massimi livelli che viene utilizzata da tutti gli eventi di raid rally famosi in tutto il mondo. Inoltre, \u00e8 in funzione un sistema di localizzazione satellitare per il monitoraggio del processo di gara. Insieme al tracciamento satellitare vengono adottate anche misure di sicurezza attiva e passiva con la massima qualit\u00e0 di tutti gli standard disponibili.<\/p>\n<p>Ti invitiamo a diventare un testimone e partecipante di questo affascinante evento. Questa \u00e8 una grande occasione per trascorrere momenti incredibili e per avere un&#8217;esperienza preziosa. Cerchiamo di dimostrare cosa possiamo fare per farti vedere cosa riesci nei momenti migliori della tua vita. Benvenuti in TransAnatolia!<\/p>","protected":false},"excerpt":{"rendered":"<p>TransAnatolia, che celebra il suo decimo anniversario nel 2020,sta davanti a te con un percorso completamente diverso nel 2024 e ti sta aspettando! Nella sua storia relativamente breve, TransAnatolia \u00e8 diventato uno dei principali eventi di rally raid nel mondo. Tutto \u00e8 iniziato con un&#8217;idea stimolante di mettersi alla prova come conducente, come pilota, o [&hellip;]<\/p>\n","protected":false},"author":1,"featured_media":0,"parent":0,"menu_order":18,"comment_status":"closed","ping_status":"closed","template":"page-about.php","meta":{"footnotes":""},"class_list":["post-14","page","type-page","status-publish","hentry"],"acf":[],"_links":{"self":[{"href":"https:\/\/transanatolia.com\/it\/wp-json\/wp\/v2\/pages\/14"}],"collection":[{"href":"https:\/\/transanatolia.com\/it\/wp-json\/wp\/v2\/pages"}],"about":[{"href":"https:\/\/transanatolia.com\/it\/wp-json\/wp\/v2\/types\/page"}],"author":[{"embeddable":true,"href":"https:\/\/transanatolia.com\/it\/wp-json\/wp\/v2\/users\/1"}],"replies":[{"embeddable":true,"href":"https:\/\/transanatolia.com\/it\/wp-json\/wp\/v2\/comments?post=14"}],"version-history":[{"count":148,"href":"https:\/\/transanatolia.com\/it\/wp-json\/wp\/v2\/pages\/14\/revisions"}],"predecessor-version":[{"id":6577,"href":"https:\/\/transanatolia.com\/it\/wp-json\/wp\/v2\/pages\/14\/revisions\/6577"}],"wp:attachment":[{"href":"https:\/\/transanatolia.com\/it\/wp-json\/wp\/v2\/media?parent=14"}],"curies":[{"name":"wp","href":"https:\/\/api.w.org\/{rel}","templated":true}]}}