{"id":14,"date":"2019-03-01T15:44:29","date_gmt":"2019-03-01T12:44:29","guid":{"rendered":"http:\/\/185.95.3.98\/~transanatolia\/?page_id=14"},"modified":"2025-12-24T12:30:07","modified_gmt":"2025-12-24T12:30:07","slug":"about-us","status":"publish","type":"page","link":"https:\/\/transanatolia.com\/tr\/about-us\/","title":{"rendered":"Hakk\u0131m\u0131zda"},"content":{"rendered":"<p>2020&#8217;de 10.y\u0131ld\u00f6n\u00fcm\u00fcn\u00fc kutlayan TransAnatolia 2026&#8217;de bamba\u015fka bir rota ile kar\u015f\u0131n\u0131zda!<\/p>\n<p>TransAnatolia k\u0131sa say\u0131labilecek bir s\u00fcre i\u00e7inde d\u00fcnyan\u0131n en iyi ralli raid yar\u0131\u015flar\u0131ndan biri olarak an\u0131lmaya ba\u015fland\u0131. Her\u015fey insan\u0131n m\u00fccadele duygusuna dayanan ilham verici bir fikirle ba\u015flad\u0131 ve bu fikir bir kere i\u00e7inde bulunduktan sonra unutulamayacak uluslararas\u0131 bir spor organizasyonu haline geldi.<\/p>\n<p>\u0130lk yar\u0131\u015f 2010 y\u0131l\u0131nda b\u00fcy\u00fck bir ba\u015far\u0131yla organize edildi. T\u00fcrkiye&#8217;nin en pop\u00fcler turistik destinasyonu olan Antalya yar\u0131\u015f\u0131n start\u0131na ve fini\u015fine ev sahipli\u011fi yapt\u0131.<\/p>\n<p>\u0130kinci yar\u0131\u015f selefini g\u00f6lgede b\u0131rakt\u0131 ve t\u00fcm d\u00fcnyada ralli tutkunlar\u0131n\u0131n\u0131n ilgisini \u00e7ekti. TransAnatolia, 2011 y\u0131l\u0131nda yar\u0131\u015fmac\u0131lara T\u00fcrkiye&#8217;nin benzersiz g\u00fczelliklerini ke\u015ffedebilecekleri bir parkur sundu.<\/p>\n<p>2012 yeni konseptin uygulamaya al\u0131nd\u0131\u011f\u0131 y\u0131l oldu. Yar\u0131\u015fmac\u0131lar, \u00f6zenle se\u00e7ilen etaplarda ciddi bir m\u00fccadele verirken \u00f6te yandan da parkur \u00fczerindeki do\u011fa harikalar\u0131n\u0131 ke\u015ffettiler.<\/p>\n<p>D\u00f6rd\u00fcnc\u00fc yar\u0131\u015f, \u00f6nceki yar\u0131\u015flara benzemesine ra\u011fmen y\u00fcksek organizasyon kalitesi ile hat\u0131rlanacak bir yar\u0131\u015f olarak haf\u0131zalarda yer etti.<\/p>\n<p>2014&#8217;te, be\u015finci ya\u015f kutlan\u0131rken, mevcut etaplara yeni etaplar eklendi ve farkl\u0131 zorluk seviyeleriyle dolu e\u015fsiz bir parkur sunuldu. Tak\u0131mlar\u0131n kendi s\u0131n\u0131rlar\u0131n\u0131 zorlad\u0131\u011f\u0131 macera dolu bu yar\u0131\u015f\u0131n start\u0131na ve fini\u015fine ba\u015fkent Ankara ev sahipli\u011fi yapt\u0131.<\/p>\n<p>TransAnatolia, ilgi \u00e7ekici ve unutulmaz bir deneyim sunmakla kalmaz T\u00fcrkiye&#8217;nin g\u00fczelliklerini hayat\u0131n i\u00e7inden, e\u015fsiz kesitlerle g\u00f6z \u00f6n\u00fcne getirerek \u00fclkenin tan\u0131t\u0131m\u0131na katk\u0131 sa\u011flar. B\u00f6ylece Anadolu&#8217;nun sakl\u0131 g\u00fczelliklerini ula\u015f\u0131labilir k\u0131lar.<\/p>\n<p>Uluslararas\u0131 bilinirli\u011fi g\u00fcnden g\u00fcne artan TransAnatolia, sundu\u011fu y\u00fcksek standartlarla uzun yar\u0131\u015flara haz\u0131rlanmay\u0131 hedefleyen \u00fcst d\u00fczey sporcular\u0131n beklentilerini kar\u015f\u0131larken amat\u00f6rlerin yeteneklerini geli\u015ftirebilmelerine imkan verir.<\/p>\n<p>Yar\u0131\u015f\u0131n benzersiz etaplar\u0131 en y\u00fcksek organizasyon kalitesini ve g\u00fcvenlik tedbirlerini birarada sunar. Organizasyon ekibi yar\u0131\u015fmac\u0131lar\u0131n her t\u00fcrl\u00fc gereksinimini en \u00fcst d\u00fczeyde kar\u015f\u0131lamak i\u00e7in \u00f6zveriyle \u00e7al\u0131\u015fmaktad\u0131r. Bu organizasyonun bir yar\u0131\u015ftan \u00f6teye ge\u00e7ip t\u00fcm d\u00fcnyan\u0131n konu\u015ftu\u011fu bir etkinlik haline gelebilmesi i\u00e7in ba\u015far\u0131yla tamamlanan her organizasyondan sonra hedef daha da y\u00fckseltilmektedir.<\/p>\n<p>Gelinen noktada TransAnatolia d\u00fcnya standartlar\u0131nda yol notlar\u0131 sunmaktad\u0131r. Ayr\u0131ca yar\u0131\u015fmac\u0131lar kesintisiz bir \u015fekilde \u00e7al\u0131\u015fmakta olan uydu takip sistemiyle izlenmektedir. Uydu takibiyle birlikte \u00e7e\u015fitli aktif ve pasif g\u00fcvenlik tedbirleri m\u00fcmk\u00fcn olan en \u00fcst d\u00fczeyde sa\u011flanmaktad\u0131r.<\/p>\n<p>Unutulmaz anlar ya\u015famak ve e\u015fsiz tecr\u00fcbeler kazanmak istiyorsan\u0131z sizi bu harikulade etkinli\u011fin bir par\u00e7as\u0131 olmaya davet ediyoruz.<\/p>\n<p>Hayat\u0131n\u0131z\u0131n en g\u00fczel anlar\u0131n\u0131 ge\u00e7irece\u011finiz bu yar\u0131\u015f boyunca sunaca\u011f\u0131m\u0131z kusursuz organizasyonun keyfini \u00e7\u0131kar\u0131n.<\/p>\n<p>TransAnatolia&#8217;ya ho\u015f geldiniz!<\/p>","protected":false},"excerpt":{"rendered":"<p>2020&#8217;de 10.y\u0131ld\u00f6n\u00fcm\u00fcn\u00fc kutlayan TransAnatolia 2026&#8217;de bamba\u015fka bir rota ile kar\u015f\u0131n\u0131zda! TransAnatolia k\u0131sa say\u0131labilecek bir s\u00fcre i\u00e7inde d\u00fcnyan\u0131n en iyi ralli raid yar\u0131\u015flar\u0131ndan biri olarak an\u0131lmaya ba\u015fland\u0131. Her\u015fey insan\u0131n m\u00fccadele duygusuna dayanan ilham verici bir fikirle ba\u015flad\u0131 ve bu fikir bir kere i\u00e7inde bulunduktan sonra unutulamayacak uluslararas\u0131 bir spor organizasyonu haline geldi. \u0130lk yar\u0131\u015f 2010 y\u0131l\u0131nda [&hellip;]<\/p>\n","protected":false},"author":1,"featured_media":0,"parent":0,"menu_order":18,"comment_status":"closed","ping_status":"closed","template":"page-about.php","meta":{"footnotes":""},"class_list":["post-14","page","type-page","status-publish","hentry"],"acf":[],"_links":{"self":[{"href":"https:\/\/transanatolia.com\/tr\/wp-json\/wp\/v2\/pages\/14"}],"collection":[{"href":"https:\/\/transanatolia.com\/tr\/wp-json\/wp\/v2\/pages"}],"about":[{"href":"https:\/\/transanatolia.com\/tr\/wp-json\/wp\/v2\/types\/page"}],"author":[{"embeddable":true,"href":"https:\/\/transanatolia.com\/tr\/wp-json\/wp\/v2\/users\/1"}],"replies":[{"embeddable":true,"href":"https:\/\/transanatolia.com\/tr\/wp-json\/wp\/v2\/comments?post=14"}],"version-history":[{"count":148,"href":"https:\/\/transanatolia.com\/tr\/wp-json\/wp\/v2\/pages\/14\/revisions"}],"predecessor-version":[{"id":6577,"href":"https:\/\/transanatolia.com\/tr\/wp-json\/wp\/v2\/pages\/14\/revisions\/6577"}],"wp:attachment":[{"href":"https:\/\/transanatolia.com\/tr\/wp-json\/wp\/v2\/media?parent=14"}],"curies":[{"name":"wp","href":"https:\/\/api.w.org\/{rel}","templated":true}]}}