{"id":20,"date":"2019-03-01T15:45:02","date_gmt":"2019-03-01T12:45:02","guid":{"rendered":"http:\/\/185.95.3.98\/~transanatolia\/?page_id=20"},"modified":"2025-07-03T13:53:33","modified_gmt":"2025-07-03T13:53:33","slug":"contact","status":"publish","type":"page","link":"https:\/\/transanatolia.com\/tr\/contact\/","title":{"rendered":"\u0130leti\u015fim"},"content":{"rendered":"<p>TRANSANATOLIA SPOR ORGAN\u0130ZASYONLARI LTD. \u015eT\u0130.<br \/>\nG\u00f6ztepe Mahallesi G\u00f6ksu Evleri Ihlamur Caddesi A17A Villa NO:65<br \/>\nKavac\u0131k &#8211; Beykoz\/\u0130stanbul, T\u00fcrkiye<\/p>\n<p>+90 216 465 13 22<br \/>\n<a href=\"mailto:info@transanatolia.com\">info@transanatolia.com<\/a><\/p>\n<p><strong>Whatsapp Hatt\u0131<\/strong><\/p>\n<p><strong>0532 400 79 75<\/strong><\/p>","protected":false},"excerpt":{"rendered":"<p>TRANSANATOLIA SPOR ORGAN\u0130ZASYONLARI LTD. \u015eT\u0130. G\u00f6ztepe Mahallesi G\u00f6ksu Evleri Ihlamur Caddesi A17A Villa NO:65 Kavac\u0131k &#8211; Beykoz\/\u0130stanbul, T\u00fcrkiye +90 216 465 13 22 info@transanatolia.com Whatsapp Hatt\u0131 0532 400 79 75<\/p>\n","protected":false},"author":1,"featured_media":0,"parent":0,"menu_order":15,"comment_status":"closed","ping_status":"closed","template":"page-contact.php","meta":{"footnotes":""},"class_list":["post-20","page","type-page","status-publish","hentry"],"acf":[],"_links":{"self":[{"href":"https:\/\/transanatolia.com\/tr\/wp-json\/wp\/v2\/pages\/20"}],"collection":[{"href":"https:\/\/transanatolia.com\/tr\/wp-json\/wp\/v2\/pages"}],"about":[{"href":"https:\/\/transanatolia.com\/tr\/wp-json\/wp\/v2\/types\/page"}],"author":[{"embeddable":true,"href":"https:\/\/transanatolia.com\/tr\/wp-json\/wp\/v2\/users\/1"}],"replies":[{"embeddable":true,"href":"https:\/\/transanatolia.com\/tr\/wp-json\/wp\/v2\/comments?post=20"}],"version-history":[{"count":15,"href":"https:\/\/transanatolia.com\/tr\/wp-json\/wp\/v2\/pages\/20\/revisions"}],"predecessor-version":[{"id":6371,"href":"https:\/\/transanatolia.com\/tr\/wp-json\/wp\/v2\/pages\/20\/revisions\/6371"}],"wp:attachment":[{"href":"https:\/\/transanatolia.com\/tr\/wp-json\/wp\/v2\/media?parent=20"}],"curies":[{"name":"wp","href":"https:\/\/api.w.org\/{rel}","templated":true}]}}