{"id":26,"date":"2019-03-01T15:46:10","date_gmt":"2019-03-01T12:46:10","guid":{"rendered":"http:\/\/185.95.3.98\/~transanatolia\/?page_id=26"},"modified":"2024-02-28T09:33:47","modified_gmt":"2024-02-28T09:33:47","slug":"classification","status":"publish","type":"page","link":"https:\/\/transanatolia.com\/tr\/classification\/","title":{"rendered":"S\u0131n\u0131fland\u0131rma"},"content":{"rendered":"","protected":false},"excerpt":{"rendered":"","protected":false},"author":1,"featured_media":0,"parent":0,"menu_order":12,"comment_status":"closed","ping_status":"closed","template":"page-classification.php","meta":{"footnotes":""},"class_list":["post-26","page","type-page","status-publish","hentry"],"acf":[],"_links":{"self":[{"href":"https:\/\/transanatolia.com\/tr\/wp-json\/wp\/v2\/pages\/26"}],"collection":[{"href":"https:\/\/transanatolia.com\/tr\/wp-json\/wp\/v2\/pages"}],"about":[{"href":"https:\/\/transanatolia.com\/tr\/wp-json\/wp\/v2\/types\/page"}],"author":[{"embeddable":true,"href":"https:\/\/transanatolia.com\/tr\/wp-json\/wp\/v2\/users\/1"}],"replies":[{"embeddable":true,"href":"https:\/\/transanatolia.com\/tr\/wp-json\/wp\/v2\/comments?post=26"}],"version-history":[{"count":67,"href":"https:\/\/transanatolia.com\/tr\/wp-json\/wp\/v2\/pages\/26\/revisions"}],"predecessor-version":[{"id":5763,"href":"https:\/\/transanatolia.com\/tr\/wp-json\/wp\/v2\/pages\/26\/revisions\/5763"}],"wp:attachment":[{"href":"https:\/\/transanatolia.com\/tr\/wp-json\/wp\/v2\/media?parent=26"}],"curies":[{"name":"wp","href":"https:\/\/api.w.org\/{rel}","templated":true}]}}