{"id":28,"date":"2019-03-01T15:46:20","date_gmt":"2019-03-01T12:46:20","guid":{"rendered":"http:\/\/185.95.3.98\/~transanatolia\/?page_id=28"},"modified":"2026-02-10T10:51:26","modified_gmt":"2026-02-10T10:51:26","slug":"competitors","status":"publish","type":"page","link":"https:\/\/transanatolia.com\/tr\/competitors\/","title":{"rendered":"Yar\u0131\u015fmac\u0131 ve Misafir Bilgileri"},"content":{"rendered":"<p class=\"qtranxs-available-languages-message qtranxs-available-languages-message-tr\">Sorry, this entry is only available in <a href=\"https:\/\/transanatolia.com\/en\/wp-json\/wp\/v2\/pages\/28\" class=\"qtranxs-available-language-link qtranxs-available-language-link-en\" title=\"ENG\">ENG<\/a>, <a href=\"https:\/\/transanatolia.com\/fr\/wp-json\/wp\/v2\/pages\/28\" class=\"qtranxs-available-language-link qtranxs-available-language-link-fr\" title=\"FR\">FR<\/a> and <a href=\"https:\/\/transanatolia.com\/it\/wp-json\/wp\/v2\/pages\/28\" class=\"qtranxs-available-language-link qtranxs-available-language-link-it\" title=\"IT\">IT<\/a>.<\/p>","protected":false},"excerpt":{"rendered":"<p>Sorry, this entry is only available in ENG, FR and IT.<\/p>\n","protected":false},"author":1,"featured_media":0,"parent":0,"menu_order":10,"comment_status":"closed","ping_status":"closed","template":"page-competitors.php","meta":{"footnotes":""},"class_list":["post-28","page","type-page","status-publish","hentry"],"acf":[],"_links":{"self":[{"href":"https:\/\/transanatolia.com\/tr\/wp-json\/wp\/v2\/pages\/28"}],"collection":[{"href":"https:\/\/transanatolia.com\/tr\/wp-json\/wp\/v2\/pages"}],"about":[{"href":"https:\/\/transanatolia.com\/tr\/wp-json\/wp\/v2\/types\/page"}],"author":[{"embeddable":true,"href":"https:\/\/transanatolia.com\/tr\/wp-json\/wp\/v2\/users\/1"}],"replies":[{"embeddable":true,"href":"https:\/\/transanatolia.com\/tr\/wp-json\/wp\/v2\/comments?post=28"}],"version-history":[{"count":622,"href":"https:\/\/transanatolia.com\/tr\/wp-json\/wp\/v2\/pages\/28\/revisions"}],"predecessor-version":[{"id":6829,"href":"https:\/\/transanatolia.com\/tr\/wp-json\/wp\/v2\/pages\/28\/revisions\/6829"}],"wp:attachment":[{"href":"https:\/\/transanatolia.com\/tr\/wp-json\/wp\/v2\/media?parent=28"}],"curies":[{"name":"wp","href":"https:\/\/api.w.org\/{rel}","templated":true}]}}